{"id":1781,"date":"2024-12-19T19:20:27","date_gmt":"2024-12-19T18:20:27","guid":{"rendered":"https:\/\/nieruchomosci-boks.pl\/premium\/?page_id=1781"},"modified":"2024-12-19T19:20:27","modified_gmt":"2024-12-19T18:20:27","slug":"ulubione","status":"publish","type":"page","link":"https:\/\/nieruchomosci-boks.pl\/premium\/ulubione\/","title":{"rendered":"Twoje polubione oferty"},"content":{"rendered":"","protected":false},"excerpt":{"rendered":"","protected":false},"author":1,"featured_media":0,"parent":0,"menu_order":0,"comment_status":"closed","ping_status":"closed","template":"page-favorites.php","meta":{"_acf_changed":false,"footnotes":""},"class_list":["post-1781","page","type-page","status-publish","hentry"],"acf":[],"yoast_head":"<!-- This site is optimized with the Yoast SEO plugin v26.3 - https:\/\/yoast.com\/wordpress\/plugins\/seo\/ -->\n<title>Twoje polubione oferty - Bok\u015b Nieruchomo\u015bci Premium<\/title>\n<meta name=\"robots\" content=\"noindex, nofollow\" \/>\n<meta property=\"og:locale\" content=\"pl_PL\" \/>\n<meta property=\"og:type\" content=\"article\" \/>\n<meta property=\"og:title\" content=\"Twoje polubione oferty - Bok\u015b Nieruchomo\u015bci Premium\" \/>\n<meta property=\"og:url\" content=\"https:\/\/nieruchomosci-boks.pl\/premium\/ulubione\/\" \/>\n<meta property=\"og:site_name\" content=\"Bok\u015b Nieruchomo\u015bci Premium\" \/>\n<meta property=\"article:publisher\" content=\"https:\/\/www.facebook.com\/profile.php?id=100063715336999\" \/>\n<meta property=\"og:image\" content=\"https:\/\/nieruchomosci-boks.pl\/premium\/wp-content\/uploads-webpc\/uploads\/sites\/2\/2024\/11\/466037807_1076336834500151_408388554571835424_n.png.webp\" \/>\n\t<meta property=\"og:image:width\" content=\"1024\" \/>\n\t<meta property=\"og:image:height\" content=\"576\" \/>\n\t<meta property=\"og:image:type\" content=\"image\/png\" \/>\n<meta name=\"twitter:card\" content=\"summary_large_image\" \/>\n<script type=\"application\/ld+json\" class=\"yoast-schema-graph\">{\"@context\":\"https:\/\/schema.org\",\"@graph\":[{\"@type\":\"WebPage\",\"@id\":\"https:\/\/nieruchomosci-boks.pl\/premium\/ulubione\/\",\"url\":\"https:\/\/nieruchomosci-boks.pl\/premium\/ulubione\/\",\"name\":\"Twoje polubione oferty - Bok\u015b Nieruchomo\u015bci Premium\",\"isPartOf\":{\"@id\":\"https:\/\/nieruchomosci-boks.pl\/premium\/#website\"},\"datePublished\":\"2024-12-19T18:20:27+00:00\",\"breadcrumb\":{\"@id\":\"https:\/\/nieruchomosci-boks.pl\/premium\/ulubione\/#breadcrumb\"},\"inLanguage\":\"pl-PL\",\"potentialAction\":[{\"@type\":\"ReadAction\",\"target\":[\"https:\/\/nieruchomosci-boks.pl\/premium\/ulubione\/\"]}]},{\"@type\":\"BreadcrumbList\",\"@id\":\"https:\/\/nieruchomosci-boks.pl\/premium\/ulubione\/#breadcrumb\",\"itemListElement\":[{\"@type\":\"ListItem\",\"position\":1,\"name\":\"Strona g\u0142\u00f3wna\",\"item\":\"https:\/\/nieruchomosci-boks.pl\/premium\/\"},{\"@type\":\"ListItem\",\"position\":2,\"name\":\"Twoje polubione oferty\"}]},{\"@type\":\"WebSite\",\"@id\":\"https:\/\/nieruchomosci-boks.pl\/premium\/#website\",\"url\":\"https:\/\/nieruchomosci-boks.pl\/premium\/\",\"name\":\"Bok\u015b Nieruchomo\u015bci Premium\",\"description\":\"Biuro nieruchomo\u015bci Premium - sprzeda\u017c nieruchomo\u015bci, wynajem nieruchomo\u015bci, kupno nieruchomo\u015bci, domy, mieszkania, dzia\u0142ki. hale, magazyny, biura.\",\"publisher\":{\"@id\":\"https:\/\/nieruchomosci-boks.pl\/premium\/#organization\"},\"potentialAction\":[{\"@type\":\"SearchAction\",\"target\":{\"@type\":\"EntryPoint\",\"urlTemplate\":\"https:\/\/nieruchomosci-boks.pl\/premium\/?s={search_term_string}\"},\"query-input\":{\"@type\":\"PropertyValueSpecification\",\"valueRequired\":true,\"valueName\":\"search_term_string\"}}],\"inLanguage\":\"pl-PL\"},{\"@type\":\"Organization\",\"@id\":\"https:\/\/nieruchomosci-boks.pl\/premium\/#organization\",\"name\":\"Bok\u015b Nieruchomo\u015bci\",\"url\":\"https:\/\/nieruchomosci-boks.pl\/premium\/\",\"logo\":{\"@type\":\"ImageObject\",\"inLanguage\":\"pl-PL\",\"@id\":\"https:\/\/nieruchomosci-boks.pl\/premium\/#\/schema\/logo\/image\/\",\"url\":\"https:\/\/nieruchomosci-boks.pl\/premium\/wp-content\/uploads-webpc\/uploads\/sites\/2\/2024\/09\/Group-30.svg.webp\",\"contentUrl\":\"https:\/\/nieruchomosci-boks.pl\/premium\/wp-content\/uploads-webpc\/uploads\/sites\/2\/2024\/09\/Group-30.svg.webp\",\"width\":1,\"height\":1,\"caption\":\"Bok\u015b Nieruchomo\u015bci\"},\"image\":{\"@id\":\"https:\/\/nieruchomosci-boks.pl\/premium\/#\/schema\/logo\/image\/\"},\"sameAs\":[\"https:\/\/www.facebook.com\/profile.php?id=100063715336999\"]}]}<\/script>\n<!-- \/ Yoast SEO plugin. -->","yoast_head_json":{"title":"Twoje polubione oferty - Bok\u015b Nieruchomo\u015bci Premium","robots":{"index":"noindex","follow":"nofollow"},"og_locale":"pl_PL","og_type":"article","og_title":"Twoje polubione oferty - Bok\u015b Nieruchomo\u015bci Premium","og_url":"https:\/\/nieruchomosci-boks.pl\/premium\/ulubione\/","og_site_name":"Bok\u015b Nieruchomo\u015bci Premium","article_publisher":"https:\/\/www.facebook.com\/profile.php?id=100063715336999","og_image":[{"width":1024,"height":576,"url":"https:\/\/nieruchomosci-boks.pl\/premium\/wp-content\/uploads-webpc\/uploads\/sites\/2\/2024\/11\/466037807_1076336834500151_408388554571835424_n.png.webp","type":"image\/png"}],"twitter_card":"summary_large_image","schema":{"@context":"https:\/\/schema.org","@graph":[{"@type":"WebPage","@id":"https:\/\/nieruchomosci-boks.pl\/premium\/ulubione\/","url":"https:\/\/nieruchomosci-boks.pl\/premium\/ulubione\/","name":"Twoje polubione oferty - Bok\u015b Nieruchomo\u015bci Premium","isPartOf":{"@id":"https:\/\/nieruchomosci-boks.pl\/premium\/#website"},"datePublished":"2024-12-19T18:20:27+00:00","breadcrumb":{"@id":"https:\/\/nieruchomosci-boks.pl\/premium\/ulubione\/#breadcrumb"},"inLanguage":"pl-PL","potentialAction":[{"@type":"ReadAction","target":["https:\/\/nieruchomosci-boks.pl\/premium\/ulubione\/"]}]},{"@type":"BreadcrumbList","@id":"https:\/\/nieruchomosci-boks.pl\/premium\/ulubione\/#breadcrumb","itemListElement":[{"@type":"ListItem","position":1,"name":"Strona g\u0142\u00f3wna","item":"https:\/\/nieruchomosci-boks.pl\/premium\/"},{"@type":"ListItem","position":2,"name":"Twoje polubione oferty"}]},{"@type":"WebSite","@id":"https:\/\/nieruchomosci-boks.pl\/premium\/#website","url":"https:\/\/nieruchomosci-boks.pl\/premium\/","name":"Bok\u015b Nieruchomo\u015bci Premium","description":"Biuro nieruchomo\u015bci Premium - sprzeda\u017c nieruchomo\u015bci, wynajem nieruchomo\u015bci, kupno nieruchomo\u015bci, domy, mieszkania, dzia\u0142ki. hale, magazyny, biura.","publisher":{"@id":"https:\/\/nieruchomosci-boks.pl\/premium\/#organization"},"potentialAction":[{"@type":"SearchAction","target":{"@type":"EntryPoint","urlTemplate":"https:\/\/nieruchomosci-boks.pl\/premium\/?s={search_term_string}"},"query-input":{"@type":"PropertyValueSpecification","valueRequired":true,"valueName":"search_term_string"}}],"inLanguage":"pl-PL"},{"@type":"Organization","@id":"https:\/\/nieruchomosci-boks.pl\/premium\/#organization","name":"Bok\u015b Nieruchomo\u015bci","url":"https:\/\/nieruchomosci-boks.pl\/premium\/","logo":{"@type":"ImageObject","inLanguage":"pl-PL","@id":"https:\/\/nieruchomosci-boks.pl\/premium\/#\/schema\/logo\/image\/","url":"https:\/\/nieruchomosci-boks.pl\/premium\/wp-content\/uploads-webpc\/uploads\/sites\/2\/2024\/09\/Group-30.svg.webp","contentUrl":"https:\/\/nieruchomosci-boks.pl\/premium\/wp-content\/uploads-webpc\/uploads\/sites\/2\/2024\/09\/Group-30.svg.webp","width":1,"height":1,"caption":"Bok\u015b Nieruchomo\u015bci"},"image":{"@id":"https:\/\/nieruchomosci-boks.pl\/premium\/#\/schema\/logo\/image\/"},"sameAs":["https:\/\/www.facebook.com\/profile.php?id=100063715336999"]}]}},"_links":{"self":[{"href":"https:\/\/nieruchomosci-boks.pl\/premium\/wp-json\/wp\/v2\/pages\/1781","targetHints":{"allow":["GET"]}}],"collection":[{"href":"https:\/\/nieruchomosci-boks.pl\/premium\/wp-json\/wp\/v2\/pages"}],"about":[{"href":"https:\/\/nieruchomosci-boks.pl\/premium\/wp-json\/wp\/v2\/types\/page"}],"author":[{"embeddable":true,"href":"https:\/\/nieruchomosci-boks.pl\/premium\/wp-json\/wp\/v2\/users\/1"}],"replies":[{"embeddable":true,"href":"https:\/\/nieruchomosci-boks.pl\/premium\/wp-json\/wp\/v2\/comments?post=1781"}],"version-history":[{"count":1,"href":"https:\/\/nieruchomosci-boks.pl\/premium\/wp-json\/wp\/v2\/pages\/1781\/revisions"}],"predecessor-version":[{"id":1782,"href":"https:\/\/nieruchomosci-boks.pl\/premium\/wp-json\/wp\/v2\/pages\/1781\/revisions\/1782"}],"wp:attachment":[{"href":"https:\/\/nieruchomosci-boks.pl\/premium\/wp-json\/wp\/v2\/media?parent=1781"}],"curies":[{"name":"wp","href":"https:\/\/api.w.org\/{rel}","templated":true}]}}